{"id":76,"date":"2020-05-17T08:26:52","date_gmt":"2020-05-17T08:26:52","guid":{"rendered":"http:\/\/badesee-irmelshausen.de\/?page_id=76"},"modified":"2021-05-10T15:51:08","modified_gmt":"2021-05-10T15:51:08","slug":"impressum","status":"publish","type":"page","link":"https:\/\/badesee-irmelshausen.de\/?page_id=76","title":{"rendered":"Impressum"},"content":{"rendered":"\n<p><strong>Verantwortlich<\/strong><\/p>\n\n\n\n<p>Badesee GbR<br>R\u00f6mhilder Weg 1<br>97633 H\u00f6chheim OT Irmelshausen<\/p>\n\n\n\n<p>Telefon: 09764 . 9583868<\/p>\n\n\n\n<p>E-Mail:&nbsp; Buchungskalender.Irmelshausen@outlook.de <br>Internet:&nbsp;www.badesee-irmelshausen.de<\/p>\n\n\n\n<p>Andreas Butzert<br>0173 . 340 83 94<\/p>\n\n\n\n<p><strong>Fotos<\/strong><\/p>\n\n\n\n<p>Andreas Butzert<br>0173 . 340 83 94<\/p>\n\n\n\n<p><strong>Logo und Printmaterial<\/strong><\/p>\n\n\n\n<p>Steffen Schmitt; [Dipl. Designer FH]<br>www.fontissimo.de<\/p>\n\n\n\n<p><strong>Konzeption und Realisierung<\/strong><\/p>\n\n\n\n<p><a href=\"http:\/\/www.katrinseiler.de\">www.katrinseiler.de<\/a><\/p>\n\n\n\n<p><strong>Steuernummer<\/strong><\/p>\n\n\n\n<p>Steuer-Nr.: 206\/152\/55905<\/p>\n\n\n\n<h3 class=\"wp-block-heading\"><strong>Impressum<\/strong><\/h3>\n\n\n\n<p><strong>Haftungsausschluss<\/strong><\/p>\n\n\n\n<p>Alle auf dieser Internetseite bereitgestellten Informationen haben wir nach bestem Wissen und Gewissen erarbeitet und gepr\u00fcft. Eine Gew\u00e4hr f\u00fcr die jederzeitige Aktualit\u00e4t, Richtigkeit, Vollst\u00e4ndigkeit und Verf\u00fcgbarkeit der bereitgestellten Informationen k\u00f6nnen wir allerdings nicht \u00fcbernehmen. Ein Vertragsverh\u00e4ltnis mit den Nutzern des Internetangebots kommt nicht zustande.<\/p>\n\n\n\n<p>Wir haften nicht f\u00fcr Sch\u00e4den, die durch die Nutzung dieses Internetangebots entstehen. Dieser Haftungsausschluss gilt nicht, soweit die Vorschriften des \u00a7 839 BGB (Haftung bei Amtspflichtverletzung) einschl\u00e4gig sind. F\u00fcr etwaige Sch\u00e4den, die beim Aufrufen oder Herunterladen von Daten durch Schadsoftware oder bei der Installation oder Nutzung von Software verursacht werden, wird nicht gehaftet.<\/p>\n\n\n\n<p><strong>Nutzungsbedingungen<br><\/strong><\/p>\n\n\n\n<p>Texte, Bilder, Grafiken sowie die Gestaltung dieser Internetseiten unterliegen dem Urheberrecht. Sie d\u00fcrfen von Ihnen nur zum privaten und sonstigen eigenen Gebrauch im Rahmen des \u00a7 53 Urheberrechtsgesetz (UrhG) verwendet werden. Eine Vervielf\u00e4ltigung oder Verwendung dieser Seiten oder von Teilen in anderen elektronischen oder gedruckten Publikationen und deren Ver\u00f6ffentlichung ist nur mit unserer Einwilligung gestattet. Diese erteilen auf Anfrage die f\u00fcr den Inhalt Verantwortlichen. Weiterhin k\u00f6nnen Texte, Bilder, Grafiken und sonstige Dateien ganz oder teilweise dem Urheberrecht Dritter unterliegen. Auch \u00fcber das Bestehen m\u00f6glicher Rechte Dritter geben Ihnen die f\u00fcr den Inhalt Verantwortlichen n\u00e4here Ausk\u00fcnfte.<\/p>\n","protected":false},"excerpt":{"rendered":"<p>Verantwortlich Badesee GbRR\u00f6mhilder Weg 197633 H\u00f6chheim OT Irmelshausen Telefon: 09764 . 9583868 E-Mail:&nbsp; Buchungskalender.Irmelshausen@outlook.de Internet:&nbsp;www.badesee-irmelshausen.de Andreas Butzert0173 . 340 83 94 Fotos Andreas Butzert0173 . 340 83 94 Logo und Printmaterial Steffen Schmitt; [Dipl. Designer FH]www.fontissimo.de Konzeption und Realisierung www.katrinseiler.de Steuernummer Steuer-Nr.: 206\/152\/55905 Impressum Haftungsausschluss Alle auf dieser Internetseite bereitgestellten Informationen haben wir nach bestem [&hellip;]<\/p>\n","protected":false},"author":1,"featured_media":0,"parent":0,"menu_order":0,"comment_status":"closed","ping_status":"closed","template":"","meta":{"zakra_page_container_layout":"customizer","zakra_page_sidebar_layout":"customizer","zakra_remove_content_margin":false,"zakra_sidebar":"customizer","zakra_transparent_header":"customizer","zakra_logo":0,"zakra_main_header_style":"default","zakra_menu_item_color":"","zakra_menu_item_hover_color":"","zakra_menu_item_active_color":"","zakra_menu_active_style":"","zakra_page_header":true,"footnotes":""},"class_list":["post-76","page","type-page","status-publish","hentry"],"_links":{"self":[{"href":"https:\/\/badesee-irmelshausen.de\/index.php?rest_route=\/wp\/v2\/pages\/76","targetHints":{"allow":["GET"]}}],"collection":[{"href":"https:\/\/badesee-irmelshausen.de\/index.php?rest_route=\/wp\/v2\/pages"}],"about":[{"href":"https:\/\/badesee-irmelshausen.de\/index.php?rest_route=\/wp\/v2\/types\/page"}],"author":[{"embeddable":true,"href":"https:\/\/badesee-irmelshausen.de\/index.php?rest_route=\/wp\/v2\/users\/1"}],"replies":[{"embeddable":true,"href":"https:\/\/badesee-irmelshausen.de\/index.php?rest_route=%2Fwp%2Fv2%2Fcomments&post=76"}],"version-history":[{"count":5,"href":"https:\/\/badesee-irmelshausen.de\/index.php?rest_route=\/wp\/v2\/pages\/76\/revisions"}],"predecessor-version":[{"id":97,"href":"https:\/\/badesee-irmelshausen.de\/index.php?rest_route=\/wp\/v2\/pages\/76\/revisions\/97"}],"wp:attachment":[{"href":"https:\/\/badesee-irmelshausen.de\/index.php?rest_route=%2Fwp%2Fv2%2Fmedia&parent=76"}],"curies":[{"name":"wp","href":"https:\/\/api.w.org\/{rel}","templated":true}]}}