{"id":48,"date":"2020-02-22T10:37:08","date_gmt":"2020-02-22T10:37:08","guid":{"rendered":"http:\/\/badesee-irmelshausen.de\/?page_id=48"},"modified":"2026-03-22T12:30:51","modified_gmt":"2026-03-22T12:30:51","slug":"kiosk","status":"publish","type":"page","link":"https:\/\/badesee-irmelshausen.de\/?page_id=48","title":{"rendered":"Gastronomie"},"content":{"rendered":"\n<p>Der Versorgungsbereich (Gastronomie) mit gem\u00fctlicher Sonnenterrasse ist von Mai bis September ge\u00f6ffnet.<br>Im Angebot sind Speisen mit regionalen Zutaten (teilweise Bioqualit\u00e4t), selbst gebackene Kuchen,<br>Torten und vieles mehr.<br>Auch eine Ladestation f\u00fcr 4 E-Bikes ist vorhanden.<\/p>\n\n\n\n<p>Die Blockh\u00fctte neben dem Kiosk kann f\u00fcr Veranstaltungen und Festlichkeiten gemietet<br>werden, Preis nach Anfrage .<\/p>\n\n\n\n<figure class=\"wp-block-image size-large\"><img loading=\"lazy\" decoding=\"async\" width=\"1024\" height=\"382\" src=\"http:\/\/badesee-irmelshausen.de\/wp-content\/uploads\/2020\/05\/Badesee_Panorama5-1024x382.jpg\" alt=\"\" class=\"wp-image-80\" srcset=\"https:\/\/badesee-irmelshausen.de\/wp-content\/uploads\/2020\/05\/Badesee_Panorama5-1024x382.jpg 1024w, https:\/\/badesee-irmelshausen.de\/wp-content\/uploads\/2020\/05\/Badesee_Panorama5-300x112.jpg 300w, https:\/\/badesee-irmelshausen.de\/wp-content\/uploads\/2020\/05\/Badesee_Panorama5-768x286.jpg 768w, https:\/\/badesee-irmelshausen.de\/wp-content\/uploads\/2020\/05\/Badesee_Panorama5-1536x572.jpg 1536w, https:\/\/badesee-irmelshausen.de\/wp-content\/uploads\/2020\/05\/Badesee_Panorama5-2048x763.jpg 2048w\" sizes=\"auto, (max-width: 1024px) 100vw, 1024px\" \/><\/figure>\n\n\n\n<p><br><\/p>\n","protected":false},"excerpt":{"rendered":"<p>Der Versorgungsbereich (Gastronomie) mit gem\u00fctlicher Sonnenterrasse ist von Mai bis September ge\u00f6ffnet.Im Angebot sind Speisen mit regionalen Zutaten (teilweise Bioqualit\u00e4t), selbst gebackene Kuchen,Torten und vieles mehr.Auch eine Ladestation f\u00fcr 4 E-Bikes ist vorhanden. Die Blockh\u00fctte neben dem Kiosk kann f\u00fcr Veranstaltungen und Festlichkeiten gemietetwerden, Preis nach Anfrage .<\/p>\n","protected":false},"author":1,"featured_media":0,"parent":0,"menu_order":0,"comment_status":"closed","ping_status":"closed","template":"","meta":{"zakra_page_container_layout":"customizer","zakra_page_sidebar_layout":"customizer","zakra_remove_content_margin":false,"zakra_sidebar":"customizer","zakra_transparent_header":"customizer","zakra_logo":0,"zakra_main_header_style":"default","zakra_menu_item_color":"","zakra_menu_item_hover_color":"","zakra_menu_item_active_color":"","zakra_menu_active_style":"","zakra_page_header":true,"footnotes":""},"class_list":["post-48","page","type-page","status-publish","hentry"],"_links":{"self":[{"href":"https:\/\/badesee-irmelshausen.de\/index.php?rest_route=\/wp\/v2\/pages\/48","targetHints":{"allow":["GET"]}}],"collection":[{"href":"https:\/\/badesee-irmelshausen.de\/index.php?rest_route=\/wp\/v2\/pages"}],"about":[{"href":"https:\/\/badesee-irmelshausen.de\/index.php?rest_route=\/wp\/v2\/types\/page"}],"author":[{"embeddable":true,"href":"https:\/\/badesee-irmelshausen.de\/index.php?rest_route=\/wp\/v2\/users\/1"}],"replies":[{"embeddable":true,"href":"https:\/\/badesee-irmelshausen.de\/index.php?rest_route=%2Fwp%2Fv2%2Fcomments&post=48"}],"version-history":[{"count":8,"href":"https:\/\/badesee-irmelshausen.de\/index.php?rest_route=\/wp\/v2\/pages\/48\/revisions"}],"predecessor-version":[{"id":140,"href":"https:\/\/badesee-irmelshausen.de\/index.php?rest_route=\/wp\/v2\/pages\/48\/revisions\/140"}],"wp:attachment":[{"href":"https:\/\/badesee-irmelshausen.de\/index.php?rest_route=%2Fwp%2Fv2%2Fmedia&parent=48"}],"curies":[{"name":"wp","href":"https:\/\/api.w.org\/{rel}","templated":true}]}}