{"id":2,"date":"2016-05-10T03:48:21","date_gmt":"2016-05-10T03:48:21","guid":{"rendered":"http:\/\/badesee-irmelshausen.de\/?page_id=2"},"modified":"2026-03-22T12:37:55","modified_gmt":"2026-03-22T12:37:55","slug":"sample-page","status":"publish","type":"page","link":"https:\/\/badesee-irmelshausen.de\/","title":{"rendered":"Herzlich willkommen"},"content":{"rendered":"\n<figure class=\"wp-block-image size-full\"><img loading=\"lazy\" decoding=\"async\" width=\"1620\" height=\"1620\" src=\"https:\/\/badesee-irmelshausen.de\/wp-content\/uploads\/2026\/03\/Badesee_ANZ_Saisoneroeffnung_2026_fb-004.png\" alt=\"\" class=\"wp-image-146\" srcset=\"https:\/\/badesee-irmelshausen.de\/wp-content\/uploads\/2026\/03\/Badesee_ANZ_Saisoneroeffnung_2026_fb-004.png 1620w, https:\/\/badesee-irmelshausen.de\/wp-content\/uploads\/2026\/03\/Badesee_ANZ_Saisoneroeffnung_2026_fb-004-300x300.png 300w, https:\/\/badesee-irmelshausen.de\/wp-content\/uploads\/2026\/03\/Badesee_ANZ_Saisoneroeffnung_2026_fb-004-1024x1024.png 1024w, https:\/\/badesee-irmelshausen.de\/wp-content\/uploads\/2026\/03\/Badesee_ANZ_Saisoneroeffnung_2026_fb-004-150x150.png 150w, https:\/\/badesee-irmelshausen.de\/wp-content\/uploads\/2026\/03\/Badesee_ANZ_Saisoneroeffnung_2026_fb-004-768x768.png 768w, https:\/\/badesee-irmelshausen.de\/wp-content\/uploads\/2026\/03\/Badesee_ANZ_Saisoneroeffnung_2026_fb-004-1536x1536.png 1536w\" sizes=\"auto, (max-width: 1620px) 100vw, 1620px\" \/><\/figure>\n\n\n\n<p> Der Badesee und Campingplatz Irmelshausen liegt direkt am gr\u00fcnen Band und am Fu\u00dfe der Gleichberge.<br> Das Mitte der 70er Jahre entstandene Areal wurde 2017\/18 grundlegend saniert. Der Versorgungsbereich wurde durch Um- und Neubauma\u00dfnahmen nachhaltig aufgewertet, die Sanit\u00e4ranlagen wurden<br> komplett erneuert und sind nun barrierefrei.<br> Der familienfreundliche Bade- und Angelsee ist von einer gro\u00dfz\u00fcgigen Liegewiese ums\u00e4umt.<br> Am nordwestlichen Bereich befindet sich ein Sandstrand mit Steg, sowie ein Kinderspielplatz mit Wasseranlage, Tischtennisplatten und ein Beachvolleyballfeld. <\/p>\n\n\n\n<figure class=\"wp-block-image size-large\"><img loading=\"lazy\" decoding=\"async\" width=\"1024\" height=\"391\" src=\"http:\/\/badesee-irmelshausen.de\/wp-content\/uploads\/2020\/05\/Badesee_Panorama7-1024x391.jpg\" alt=\"\" class=\"wp-image-72\" srcset=\"https:\/\/badesee-irmelshausen.de\/wp-content\/uploads\/2020\/05\/Badesee_Panorama7-1024x391.jpg 1024w, https:\/\/badesee-irmelshausen.de\/wp-content\/uploads\/2020\/05\/Badesee_Panorama7-300x114.jpg 300w, https:\/\/badesee-irmelshausen.de\/wp-content\/uploads\/2020\/05\/Badesee_Panorama7-768x293.jpg 768w, https:\/\/badesee-irmelshausen.de\/wp-content\/uploads\/2020\/05\/Badesee_Panorama7-1536x586.jpg 1536w, https:\/\/badesee-irmelshausen.de\/wp-content\/uploads\/2020\/05\/Badesee_Panorama7-2048x782.jpg 2048w\" sizes=\"auto, (max-width: 1024px) 100vw, 1024px\" \/><\/figure>\n\n\n\n<p> DER BADESEE IN ZAHLEN: <\/p>\n\n\n\n<figure class=\"wp-block-table is-style-stripes\"><table><tbody><tr><td>Zeltpl\u00e4tze mit Feuerstelle<\/td><td>30<\/td><\/tr><tr><td>Dauerstellpl\u00e4tze<\/td><td>50<\/td><\/tr><tr><td>Tagescamperpl\u00e4tze (Wohnmobile)<\/td><td>15<\/td><\/tr><tr><td>Mietwohnwagen<\/td><td>2<\/td><\/tr><tr><td>Indianer-Tipis ( \u00f8 5 m) mit 6 Schlafpl\u00e4tzen pro Zelt<\/td><td>3<\/td><\/tr><tr><td>Entsorgung Chemietoilette<\/td><td>1<\/td><\/tr><tr><td>Duschen<\/td><td>8\/8<\/td><\/tr><tr><td>WC<\/td><td>7\/8<\/td><\/tr><tr><td>Urinale<\/td><td>7<\/td><\/tr><tr><td>Wickeltisch<\/td><td>1<\/td><\/tr><tr><td>barrierefreie Toilette<\/td><td>1<\/td><\/tr><tr><td>Waschbecken<\/td><td>12<\/td><\/tr><tr><td>Sp\u00fclbecken<\/td><td>2<\/td><\/tr><tr><td>Waschmaschine<\/td><td>1<\/td><\/tr><tr><td>E-Bike Ladestation<\/td><td>4<\/td><\/tr><\/tbody><\/table><\/figure>\n\n\n<p>\u2022 Attraktive Bade- und Campinganlage<br \/>\u2022 Wohnwagen- &amp; Wohnmobilstellpl\u00e4tze<br \/>\u2022 Gro\u00dfe Pl\u00e4tze f\u00fcr Dauercamper &amp; Tagescamper<br \/>\u2022 Feuerstellen &amp; Stromanschluss an jedem Zeltplatz (Holzkauf m\u00f6glich)<br \/>\u2022 Fahrrad- und Wanderwege direkt vor der Anlage<br \/>\u2022 E-Bike Ladestationen am Kiosk<br \/>\u2022 Frankentherme und Kuranlage in Bad K\u00f6nigshofen (7 km)<br \/>\u2022 Einkaufsm\u00f6glichkeiten Bad K\u00f6nigshofen\/R\u00f6mhild (7 km)<br \/>\u2022 Zahlreiche Parkm\u00f6glichkeiten<br \/>\u2022 Badesee-Eintritt frei<\/p>\n\n\n<figure class=\"wp-block-image size-full\"><img loading=\"lazy\" decoding=\"async\" width=\"428\" height=\"848\" src=\"https:\/\/badesee-irmelshausen.de\/wp-content\/uploads\/2024\/04\/Huette1.png\" alt=\"\" class=\"wp-image-130\" srcset=\"https:\/\/badesee-irmelshausen.de\/wp-content\/uploads\/2024\/04\/Huette1.png 428w, https:\/\/badesee-irmelshausen.de\/wp-content\/uploads\/2024\/04\/Huette1-151x300.png 151w\" sizes=\"auto, (max-width: 428px) 100vw, 428px\" \/><\/figure>\n\n\n\n<figure class=\"wp-block-image size-full\"><img loading=\"lazy\" decoding=\"async\" width=\"433\" height=\"845\" src=\"https:\/\/badesee-irmelshausen.de\/wp-content\/uploads\/2024\/04\/Huette2.png\" alt=\"\" class=\"wp-image-131\" srcset=\"https:\/\/badesee-irmelshausen.de\/wp-content\/uploads\/2024\/04\/Huette2.png 433w, https:\/\/badesee-irmelshausen.de\/wp-content\/uploads\/2024\/04\/Huette2-154x300.png 154w\" sizes=\"auto, (max-width: 433px) 100vw, 433px\" \/><\/figure>\n","protected":false},"excerpt":{"rendered":"<p>Der Badesee und Campingplatz Irmelshausen liegt direkt am gr\u00fcnen Band und am Fu\u00dfe der Gleichberge. Das Mitte der 70er Jahre entstandene Areal wurde 2017\/18 grundlegend saniert. Der Versorgungsbereich wurde durch Um- und Neubauma\u00dfnahmen nachhaltig aufgewertet, die Sanit\u00e4ranlagen wurden komplett erneuert und sind nun barrierefrei. Der familienfreundliche Bade- und Angelsee ist von einer gro\u00dfz\u00fcgigen Liegewiese ums\u00e4umt. [&hellip;]<\/p>\n","protected":false},"author":1,"featured_media":0,"parent":0,"menu_order":0,"comment_status":"closed","ping_status":"open","template":"","meta":{"zakra_page_container_layout":"customizer","zakra_page_sidebar_layout":"customizer","zakra_remove_content_margin":false,"zakra_sidebar":"customizer","zakra_transparent_header":"customizer","zakra_logo":0,"zakra_main_header_style":"default","zakra_menu_item_color":"","zakra_menu_item_hover_color":"","zakra_menu_item_active_color":"","zakra_menu_active_style":"","zakra_page_header":true,"footnotes":""},"class_list":["post-2","page","type-page","status-publish","hentry"],"_links":{"self":[{"href":"https:\/\/badesee-irmelshausen.de\/index.php?rest_route=\/wp\/v2\/pages\/2","targetHints":{"allow":["GET"]}}],"collection":[{"href":"https:\/\/badesee-irmelshausen.de\/index.php?rest_route=\/wp\/v2\/pages"}],"about":[{"href":"https:\/\/badesee-irmelshausen.de\/index.php?rest_route=\/wp\/v2\/types\/page"}],"author":[{"embeddable":true,"href":"https:\/\/badesee-irmelshausen.de\/index.php?rest_route=\/wp\/v2\/users\/1"}],"replies":[{"embeddable":true,"href":"https:\/\/badesee-irmelshausen.de\/index.php?rest_route=%2Fwp%2Fv2%2Fcomments&post=2"}],"version-history":[{"count":13,"href":"https:\/\/badesee-irmelshausen.de\/index.php?rest_route=\/wp\/v2\/pages\/2\/revisions"}],"predecessor-version":[{"id":147,"href":"https:\/\/badesee-irmelshausen.de\/index.php?rest_route=\/wp\/v2\/pages\/2\/revisions\/147"}],"wp:attachment":[{"href":"https:\/\/badesee-irmelshausen.de\/index.php?rest_route=%2Fwp%2Fv2%2Fmedia&parent=2"}],"curies":[{"name":"wp","href":"https:\/\/api.w.org\/{rel}","templated":true}]}}